{"id":220,"date":"2020-05-12T03:43:05","date_gmt":"2020-05-12T03:43:05","guid":{"rendered":"https:\/\/concejogobcomsat.mx\/?page_id=220"},"modified":"2024-03-07T18:55:48","modified_gmt":"2024-03-07T18:55:48","slug":"contacto","status":"publish","type":"page","link":"https:\/\/concejogobcomsat.mx\/?page_id=220","title":{"rendered":"Contacto"},"content":{"rendered":"\n<div class=\"wp-block-cover alignfull is-light has-parallax\" style=\"background-image:url(https:\/\/concejogobcomsat.mx\/wp-content\/uploads\/2022\/06\/1532-mapa-san-agustin-de-las-cuevas.jpg);min-height:380px\"><span aria-hidden=\"true\" class=\"has-ast-global-color-1-background-color wp-block-cover__gradient-background has-background-dim\"><\/span><div class=\"wp-block-cover__inner-container\">\n<h1 class=\"has-text-align-center has-white-color has-text-color\">Contacto<\/h1>\n<\/div><\/div>\n\n\n\n<div class=\"wp-container-1 wp-block-group alignfull has-ast-global-color-5-background-color has-background\"><div class=\"wp-block-group__inner-container\">\n<div class=\"wp-block-columns\">\n<div class=\"wp-block-column\">\n<h2>Contactenos<\/h2>\n\n\n\n<h3>N\u00fameros telef\u00f3nicos<\/h3>\n\n\n\n<p>5558491050<br>5572619844<\/p>\n\n\n\n<h3>Emails del concejo<\/h3>\n\n\n\n<p>info@concejogobcomsat.mx<br>buzon@concejogobcomsat.mx<\/p>\n\n\n\n<h3>Horario de atenci\u00f3n<\/h3>\n\n\n\n<p>Lunes \u2014 Viernes  9am \u2013 7pm<br>Sabado \u2014              9am \u2013 2pm<br>Domingo \u2014          Cerrado<\/p>\n\n\n\n<p>Reforma No 22, San Andr\u00e9s Totoltepec, CP 14400, CDMX, Alcald\u00eda Tlalpan<\/p>\n\n\n\n<iframe src=\"https:\/\/www.google.com\/maps\/embed?pb=!1m18!1m12!1m3!1d941.6729529669826!2d-99.17368947083298!3d19.252258665291745!2m3!1f0!2f0!3f0!3m2!1i1024!2i768!4f13.1!3m3!1m2!1s0x85ce00b72db792b3%3A0xe9ce9975edf5b116!2sReforma%2022%2C%20San%20Andr%C3%A9s%20Totoltepec%2C%20Tlalpan%2C%2014400%20Ciudad%20de%20M%C3%A9xico%2C%20CDMX!5e0!3m2!1ses!2smx!4v1656293990329!5m2!1ses!2smx\" width=\"600\" height=\"450\" style=\"border:0;\" allowfullscreen=\"\" loading=\"lazy\" referrerpolicy=\"no-referrer-when-downgrade\"><\/iframe>\n<\/div>\n\n\n\n<div class=\"wp-block-column\">\n<h2 class=\"has-text-align-center\">env\u00edanos tus comentarios<\/h2>\n\n\n\n<p class=\"has-text-align-center\">ROGELIO ZAMORA SANTILLAN<br>rogelio.zamora@concejogobcomsat.mx<\/p>\n\n\n\n<p class=\"has-text-align-center\">ARACELI ESPINOSA MIRANDA<br>araceli.espinosa@concejogobcomsat.mx<\/p>\n\n\n\n<p class=\"has-text-align-center\">RUB\u00c9N FUENTES FLORES<br>ruben.fuentes@concejogobcomsat.mx<\/p>\n\n\n\n<p class=\"has-text-align-center\">TANIA BEN\u00cdTEZ ROCHA<br>tania.benitez@concejogobcomsat.mx<\/p>\n\n\n\n<p class=\"has-text-align-center\">EDGAR PAZ ROMERO<br>edgar.paz @concejogobcomsat.mx<\/p>\n<\/div>\n<\/div>\n<\/div><\/div>\n\n\n\n<p><strong>ENVIANOS TUS COMENTARIOS:<\/strong><\/p>\n\n\n\n<div class=\"wp-block-columns are-vertically-aligned-bottom\">\n<div class=\"wp-block-column is-vertically-aligned-bottom\" style=\"flex-basis:100%\">\n<div class=\"wp-container-2 wp-block-group\"><div class=\"wp-block-group__inner-container\"><div class=\"wpforms-container \" id=\"wpforms-740\"><form id=\"wpforms-form-740\" class=\"wpforms-validate wpforms-form wpforms-ajax-form\" data-formid=\"740\" method=\"post\" enctype=\"multipart\/form-data\" action=\"\/index.php?rest_route=%2Fwp%2Fv2%2Fpages%2F220\" data-token=\"6b472d6374f1c610ca0e92b310a40fc7\"><noscript class=\"wpforms-error-noscript\">Please enable JavaScript in your browser to complete this form.<\/noscript><div class=\"wpforms-field-container\"><div id=\"wpforms-740-field_0-container\" class=\"wpforms-field wpforms-field-name\" data-field-id=\"0\"><label class=\"wpforms-field-label\" for=\"wpforms-740-field_0\">Nombre <span class=\"wpforms-required-label\">*<\/span><\/label><div class=\"wpforms-field-row wpforms-field-medium\"><div class=\"wpforms-field-row-block wpforms-first wpforms-one-half\"><input type=\"text\" id=\"wpforms-740-field_0\" class=\"wpforms-field-name-first wpforms-field-required\" name=\"wpforms[fields][0][first]\" required><label for=\"wpforms-740-field_0\" class=\"wpforms-field-sublabel after \">First<\/label><\/div><div class=\"wpforms-field-row-block wpforms-one-half\"><input type=\"text\" id=\"wpforms-740-field_0-last\" class=\"wpforms-field-name-last wpforms-field-required\" name=\"wpforms[fields][0][last]\" required><label for=\"wpforms-740-field_0-last\" class=\"wpforms-field-sublabel after \">Last<\/label><\/div><\/div><\/div><div id=\"wpforms-740-field_3-container\" class=\"wpforms-field wpforms-field-number\" data-field-id=\"3\"><label class=\"wpforms-field-label\" for=\"wpforms-740-field_3\">Celular<\/label><input type=\"number\" pattern=\"\\d*\" id=\"wpforms-740-field_3\" class=\"wpforms-field-medium\" name=\"wpforms[fields][3]\" ><\/div><div id=\"wpforms-740-field_1-container\" class=\"wpforms-field wpforms-field-email\" data-field-id=\"1\"><label class=\"wpforms-field-label\" for=\"wpforms-740-field_1\">Mail <span class=\"wpforms-required-label\">*<\/span><\/label><input type=\"email\" id=\"wpforms-740-field_1\" class=\"wpforms-field-medium wpforms-field-required\" name=\"wpforms[fields][1]\" required><\/div><div id=\"wpforms-740-field_2-container\" class=\"wpforms-field wpforms-field-textarea\" data-field-id=\"2\"><label class=\"wpforms-field-label\" for=\"wpforms-740-field_2\">Comentarios <span class=\"wpforms-required-label\">*<\/span><\/label><textarea id=\"wpforms-740-field_2\" class=\"wpforms-field-medium wpforms-field-required\" name=\"wpforms[fields][2]\" required><\/textarea><\/div><\/div><div class=\"wpforms-submit-container\"><input type=\"hidden\" name=\"wpforms[id]\" value=\"740\"><input type=\"hidden\" name=\"wpforms[author]\" value=\"1\"><button type=\"submit\" name=\"wpforms[submit]\" id=\"wpforms-submit-740\" class=\"wpforms-submit\" data-alt-text=\"Sending...\" data-submit-text=\"Submit\" aria-live=\"assertive\" value=\"wpforms-submit\">Submit<\/button><img src=\"https:\/\/concejogobcomsat.mx\/wp-content\/plugins\/wpforms-lite\/assets\/images\/submit-spin.svg\" class=\"wpforms-submit-spinner\" style=\"display: none;\" width=\"26\" height=\"26\" alt=\"\"><\/div><\/form><\/div>  <!-- .wpforms-container --><\/div><\/div>\n<\/div>\n<\/div>\n","protected":false},"excerpt":{"rendered":"<p>Contactenos N\u00fameros telef\u00f3nicos 55584910505572619844 Emails del concejo info@concejogobcomsat.mxbuzon@concejogobcomsat.mx Horario de atenci\u00f3n Lunes \u2014 Viernes 9am \u2013 7pmSabado \u2014 9am \u2013 2pmDomingo \u2014 Cerrado Reforma No 22, San Andr\u00e9s Totoltepec, CP &hellip;<\/p>\n<p class=\"read-more\"> <a class=\"\" href=\"https:\/\/concejogobcomsat.mx\/?page_id=220\"> <span class=\"screen-reader-text\">Contacto<\/span> Read More &raquo;<\/a><\/p>\n","protected":false},"author":1,"featured_media":0,"parent":0,"menu_order":0,"comment_status":"closed","ping_status":"closed","template":"","meta":{"_monsterinsights_skip_tracking":false,"_monsterinsights_sitenote_active":false,"_monsterinsights_sitenote_note":"","_monsterinsights_sitenote_category":0,"site-sidebar-layout":"no-sidebar","site-content-layout":"plain-container","ast-global-header-display":"","ast-main-header-display":"","ast-hfb-above-header-display":"","ast-hfb-below-header-display":"","ast-hfb-mobile-header-display":"","site-post-title":"disabled","ast-breadcrumbs-content":"","ast-featured-img":"","footer-sml-layout":"","theme-transparent-header-meta":"enabled","adv-header-id-meta":"","stick-header-meta":"","header-above-stick-meta":"","header-main-stick-meta":"","header-below-stick-meta":"","_EventAllDay":false,"_EventTimezone":"","_EventStartDate":"","_EventEndDate":"","_EventStartDateUTC":"","_EventEndDateUTC":"","_EventShowMap":false,"_EventShowMapLink":false,"_EventURL":"","_EventCost":"","_EventCostDescription":"","_EventCurrencySymbol":"","_EventCurrencyCode":"","_EventCurrencyPosition":"","_EventDateTimeSeparator":"","_EventTimeRangeSeparator":"","_EventOrganizerID":[],"_EventVenueID":0,"_OrganizerEmail":"","_OrganizerPhone":"","_OrganizerWebsite":"","_VenueAddress":"","_VenueCity":"","_VenueCountry":"","_VenueProvince":"","_VenueZip":"","_VenuePhone":"","_VenueURL":"","_VenueStateProvince":"","_VenueLat":"","_VenueLng":""},"_links":{"self":[{"href":"https:\/\/concejogobcomsat.mx\/index.php?rest_route=\/wp\/v2\/pages\/220"}],"collection":[{"href":"https:\/\/concejogobcomsat.mx\/index.php?rest_route=\/wp\/v2\/pages"}],"about":[{"href":"https:\/\/concejogobcomsat.mx\/index.php?rest_route=\/wp\/v2\/types\/page"}],"author":[{"embeddable":true,"href":"https:\/\/concejogobcomsat.mx\/index.php?rest_route=\/wp\/v2\/users\/1"}],"replies":[{"embeddable":true,"href":"https:\/\/concejogobcomsat.mx\/index.php?rest_route=%2Fwp%2Fv2%2Fcomments&post=220"}],"version-history":[{"count":27,"href":"https:\/\/concejogobcomsat.mx\/index.php?rest_route=\/wp\/v2\/pages\/220\/revisions"}],"predecessor-version":[{"id":856,"href":"https:\/\/concejogobcomsat.mx\/index.php?rest_route=\/wp\/v2\/pages\/220\/revisions\/856"}],"wp:attachment":[{"href":"https:\/\/concejogobcomsat.mx\/index.php?rest_route=%2Fwp%2Fv2%2Fmedia&parent=220"}],"curies":[{"name":"wp","href":"https:\/\/api.w.org\/{rel}","templated":true}]}}