{"id":219,"date":"2020-05-12T03:43:04","date_gmt":"2020-05-12T03:43:04","guid":{"rendered":"https:\/\/concejogobcomsat.mx\/?page_id=219"},"modified":"2024-03-07T19:58:27","modified_gmt":"2024-03-07T19:58:27","slug":"comisiones","status":"publish","type":"page","link":"https:\/\/concejogobcomsat.mx\/?page_id=219","title":{"rendered":"Comisiones"},"content":{"rendered":"\n<div class=\"wp-block-cover alignfull is-light has-parallax\" style=\"background-image:url(https:\/\/concejogobcomsat.mx\/wp-content\/uploads\/2022\/06\/20220508_123936-scaled.jpg);min-height:380px\"><span aria-hidden=\"true\" class=\"has-ast-global-color-1-background-color wp-block-cover__gradient-background has-background-dim\"><\/span><div class=\"wp-block-cover__inner-container\">\n<h1 class=\"has-text-align-center has-white-color has-text-color\">Comisiones<\/h1>\n<\/div><\/div>\n\n\n\n<p><\/p>\n\n\n\n<div class=\"wp-container-2 wp-block-group alignfull has-ast-global-color-5-background-color has-background\"><div class=\"wp-block-group__inner-container\">\n<div class=\"wp-block-media-text alignwide has-media-on-the-right is-stacked-on-mobile\" style=\"grid-template-columns:auto 32%\"><figure class=\"wp-block-media-text__media\"><img loading=\"lazy\" width=\"768\" height=\"1024\" src=\"https:\/\/concejogobcomsat.mx\/wp-content\/uploads\/2022\/06\/20220508_112310-768x1024.jpg\" alt=\"\" class=\"wp-image-699 size-full\" srcset=\"https:\/\/concejogobcomsat.mx\/wp-content\/uploads\/2022\/06\/20220508_112310-768x1024.jpg 768w, https:\/\/concejogobcomsat.mx\/wp-content\/uploads\/2022\/06\/20220508_112310-225x300.jpg 225w, https:\/\/concejogobcomsat.mx\/wp-content\/uploads\/2022\/06\/20220508_112310-1152x1536.jpg 1152w, https:\/\/concejogobcomsat.mx\/wp-content\/uploads\/2022\/06\/20220508_112310-1536x2048.jpg 1536w, https:\/\/concejogobcomsat.mx\/wp-content\/uploads\/2022\/06\/20220508_112310-scaled.jpg 1920w\" sizes=\"(max-width: 768px) 100vw, 768px\" \/><\/figure><div class=\"wp-block-media-text__content\">\n<div class=\"wp-container-1 wp-block-buttons\">\n<div class=\"wp-block-button is-style-fill\"><a class=\"wp-block-button__link\" rel=\"#\">Contactar<\/a><\/div>\n<\/div>\n\n\n\n<p><\/p>\n\n\n\n<h2 class=\"has-text-align-center\"><strong>ASIGNACI\u00d3N DE COMISIONES<\/strong><\/h2>\n\n\n\n<p class=\"has-text-align-center\"><\/p>\n\n\n\n<p class=\"has-text-align-center\"><strong>ROGELIO ZAMORA SANTILLAN<\/strong><br>COMISI\u00d3N Medio ambiente.<br>rogelio.zamora@concejogobcomsat.mx<\/p>\n\n\n\n<p class=\"has-text-align-center\"><strong>EDGAR PAZ ROMERO<\/strong><br>edgar.paz@concejogobcomsat.mx<br>COMISI\u00d3N DE COMUNICACI\u00d3N Y DIFUSI\u00d3N<\/p>\n\n\n\n<p class=\"has-text-align-center\"><strong>TANIA BEN\u00cdTEZ ROCHA<\/strong><br>tania.benitez@concejogobcomsat.mx<br>COMISI\u00d3N DE CONTROL DE SEGUIMIENTO<br>COMISI\u00d3N PANTE\u00d3N<\/p>\n\n\n\n<p class=\"has-text-align-center\"><strong>ARACELI ESPINOSA MIRANDA<\/strong><br>araceli.espinosa@concejogobcomsat.mx<br>COMISI\u00d3N DE CONTROL DE SEGUIMIENTO<br>COMISI\u00d3N DE PANTE\u00d3N<\/p>\n\n\n\n<p class=\"has-text-align-center\"><strong>RUB\u00c9N FUENTES FLORES<\/strong><br>ruben.fuentes@concejogobcomsat.mx<br>COMISI\u00d3N DE SEGURIDAD Y PROYECCI\u00d3N CIVIL<br>COMISI\u00d3N DE MOVILIDAD<\/p>\n\n\n\n<p class=\"has-text-align-center\">BLANCA ESPINOSA GOMEZ<br>Comisi\u00f3n de eventos c\u00edvicos y religiosos.<\/p>\n\n\n\n<p class=\"has-text-align-center\">MARIA ARGELIA RODEA JIMENEZ <br><\/p>\n<\/div><\/div>\n<\/div><\/div>\n\n\n\n<div class=\"wp-container-4 wp-block-group alignfull has-ast-global-color-5-background-color has-background\"><div class=\"wp-block-group__inner-container\">\n<div class=\"wp-block-media-text alignwide is-stacked-on-mobile is-image-fill\"><figure class=\"wp-block-media-text__media\" style=\"background-image:url(https:\/\/concejogobcomsat.mx\/wp-content\/uploads\/2022\/06\/20220508_112310-1-768x1024.jpg);background-position:47% 26%\"><img loading=\"lazy\" width=\"768\" height=\"1024\" src=\"https:\/\/concejogobcomsat.mx\/wp-content\/uploads\/2022\/06\/20220508_112310-1-768x1024.jpg\" alt=\"\" class=\"wp-image-711 size-full\" srcset=\"https:\/\/concejogobcomsat.mx\/wp-content\/uploads\/2022\/06\/20220508_112310-1-768x1024.jpg 768w, https:\/\/concejogobcomsat.mx\/wp-content\/uploads\/2022\/06\/20220508_112310-1-225x300.jpg 225w, https:\/\/concejogobcomsat.mx\/wp-content\/uploads\/2022\/06\/20220508_112310-1-1152x1536.jpg 1152w, https:\/\/concejogobcomsat.mx\/wp-content\/uploads\/2022\/06\/20220508_112310-1-1536x2048.jpg 1536w, https:\/\/concejogobcomsat.mx\/wp-content\/uploads\/2022\/06\/20220508_112310-1-scaled.jpg 1920w\" sizes=\"(max-width: 768px) 100vw, 768px\" \/><\/figure><div class=\"wp-block-media-text__content\">\n<h2 class=\"has-text-align-center\">Contactanos<\/h2>\n\n\n\n<p class=\"has-text-align-center\">ccontrolseg@concejogobcomsat.mx<br>cadmfinanzas@concejogobcomsat.mx<br>chonorjust@concejogobcomsat.mx<br>csegprocivil@concejogobcomsat.mx<br>cserurbmov@concejogobcomsat.mx<br>cconpobpol\u00edtica@concejogobcomsat.mx<br>cedudepcultural@concejogobcomsat.mx<br>cmedioamb@concejogobcomsat.mx<br>ceventoscivrelig@concejogobcomsat.mx<br>cpanteon@concejogobcomsat.mx<br>ccomdifusion@concejogobcomsat.mx<br>cimpjusticia@concejogobcomsat.mx<br>csalud@concejogobcomsat.mx<\/p>\n\n\n\n<div class=\"wp-container-3 wp-block-buttons\">\n<div class=\"wp-block-button is-style-fill\"><a class=\"wp-block-button__link\" rel=\"#\">Contactar<\/a><\/div>\n<\/div>\n<\/div><\/div>\n<\/div><\/div>\n\n\n\n<p><\/p>\n\n\n\n<p><\/p>\n\n\n\n<div class=\"wp-container-5 wp-block-group alignfull has-ast-global-color-4-background-color has-background\"><div class=\"wp-block-group__inner-container\">\n<h2 class=\"has-text-align-center\">En sesi\u00f3n del Concejo se determinar\u00e1 cuantas y cu\u00e1les comisiones ser\u00e1n necesarias establecer durante su trienio. Sin embargo, se recomienda que deben existir al menos las siguientes comisiones:<\/h2>\n\n\n\n<p class=\"has-text-align-center\"><\/p>\n\n\n\n<p><\/p>\n\n\n\n<div class=\"wp-block-columns\">\n<div class=\"wp-block-column\">\n<h4 class=\"has-text-align-center\">comisiones:<\/h4>\n\n\n\n<p class=\"has-text-align-center\"><strong>I. Comisi\u00f3n de Control y Seguimiento.<br>II. Comisi\u00f3n de Administraci\u00f3n y Finanzas.<br>III. Comisi\u00f3n de Honor y Justicia.<br>IV. Comisi\u00f3n de Seguridad y Protecci\u00f3n Civil.<br>V. Comisi\u00f3n de Servicios Urbanos y Movilidad.<br>VI. Comisi\u00f3n de Concertaci\u00f3n Poblacional y Pol\u00edtica.<br>VII. Comisi\u00f3n de Educaci\u00f3n, deporte y Patrimonio Cultural.<br>VIII. Comisi\u00f3n de Medio ambiente.<br>IX. Comisi\u00f3n de eventos c\u00edvicos y religiosos.<br>X. Comisi\u00f3n del Pante\u00f3n Comunitario.<br>XI. Comisi\u00f3n de Comunicaci\u00f3n y Difusi\u00f3n.<br>XII. Comisi\u00f3n de Impartici\u00f3n de Justicia.<br>XIII. Comisi\u00f3n de Salud.<\/strong><\/p>\n<\/div>\n\n\n\n<div class=\"wp-block-column\">\n<h4 class=\"has-text-align-left\">Tienes alg\u00fan comentario?<\/h4>\n\n\n\n<p class=\"has-text-align-left\">Env\u00edanos un correo y nos pondremos en contacto<\/p>\n\n\n\n<h4 class=\"has-text-align-left\">Tienes alguna duda?<\/h4>\n\n\n\n<p class=\"has-text-align-left\">Escr\u00edbenos y estaremos en contacto.<\/p>\n<\/div>\n<\/div>\n<\/div><\/div>\n","protected":false},"excerpt":{"rendered":"<p>ASIGNACI\u00d3N DE COMISIONES ROGELIO ZAMORA SANTILLANCOMISI\u00d3N Medio ambiente.rogelio.zamora@concejogobcomsat.mx EDGAR PAZ ROMEROedgar.paz@concejogobcomsat.mxCOMISI\u00d3N DE COMUNICACI\u00d3N Y DIFUSI\u00d3N TANIA BEN\u00cdTEZ ROCHAtania.benitez@concejogobcomsat.mxCOMISI\u00d3N DE CONTROL DE SEGUIMIENTOCOMISI\u00d3N PANTE\u00d3N ARACELI ESPINOSA MIRANDAaraceli.espinosa@concejogobcomsat.mxCOMISI\u00d3N DE CONTROL DE SEGUIMIENTOCOMISI\u00d3N &hellip;<\/p>\n<p class=\"read-more\"> <a class=\"\" href=\"https:\/\/concejogobcomsat.mx\/?page_id=219\"> <span class=\"screen-reader-text\">Comisiones<\/span> Read More &raquo;<\/a><\/p>\n","protected":false},"author":1,"featured_media":0,"parent":0,"menu_order":0,"comment_status":"closed","ping_status":"closed","template":"","meta":{"_monsterinsights_skip_tracking":false,"_monsterinsights_sitenote_active":false,"_monsterinsights_sitenote_note":"","_monsterinsights_sitenote_category":0,"site-sidebar-layout":"no-sidebar","site-content-layout":"plain-container","ast-global-header-display":"","ast-main-header-display":"","ast-hfb-above-header-display":"","ast-hfb-below-header-display":"","ast-hfb-mobile-header-display":"","site-post-title":"disabled","ast-breadcrumbs-content":"","ast-featured-img":"disabled","footer-sml-layout":"","theme-transparent-header-meta":"enabled","adv-header-id-meta":"","stick-header-meta":"","header-above-stick-meta":"","header-main-stick-meta":"","header-below-stick-meta":"","_EventAllDay":false,"_EventTimezone":"","_EventStartDate":"","_EventEndDate":"","_EventStartDateUTC":"","_EventEndDateUTC":"","_EventShowMap":false,"_EventShowMapLink":false,"_EventURL":"","_EventCost":"","_EventCostDescription":"","_EventCurrencySymbol":"","_EventCurrencyCode":"","_EventCurrencyPosition":"","_EventDateTimeSeparator":"","_EventTimeRangeSeparator":"","_EventOrganizerID":[],"_EventVenueID":0,"_OrganizerEmail":"","_OrganizerPhone":"","_OrganizerWebsite":"","_VenueAddress":"","_VenueCity":"","_VenueCountry":"","_VenueProvince":"","_VenueZip":"","_VenuePhone":"","_VenueURL":"","_VenueStateProvince":"","_VenueLat":"","_VenueLng":""},"_links":{"self":[{"href":"https:\/\/concejogobcomsat.mx\/index.php?rest_route=\/wp\/v2\/pages\/219"}],"collection":[{"href":"https:\/\/concejogobcomsat.mx\/index.php?rest_route=\/wp\/v2\/pages"}],"about":[{"href":"https:\/\/concejogobcomsat.mx\/index.php?rest_route=\/wp\/v2\/types\/page"}],"author":[{"embeddable":true,"href":"https:\/\/concejogobcomsat.mx\/index.php?rest_route=\/wp\/v2\/users\/1"}],"replies":[{"embeddable":true,"href":"https:\/\/concejogobcomsat.mx\/index.php?rest_route=%2Fwp%2Fv2%2Fcomments&post=219"}],"version-history":[{"count":17,"href":"https:\/\/concejogobcomsat.mx\/index.php?rest_route=\/wp\/v2\/pages\/219\/revisions"}],"predecessor-version":[{"id":860,"href":"https:\/\/concejogobcomsat.mx\/index.php?rest_route=\/wp\/v2\/pages\/219\/revisions\/860"}],"wp:attachment":[{"href":"https:\/\/concejogobcomsat.mx\/index.php?rest_route=%2Fwp%2Fv2%2Fmedia&parent=219"}],"curies":[{"name":"wp","href":"https:\/\/api.w.org\/{rel}","templated":true}]}}