{"id":217,"date":"2020-05-12T03:43:03","date_gmt":"2020-05-12T03:43:03","guid":{"rendered":"https:\/\/concejogobcomsat.mx\/?page_id=217"},"modified":"2025-03-21T06:48:53","modified_gmt":"2025-03-21T06:48:53","slug":"inicio","status":"publish","type":"page","link":"https:\/\/concejogobcomsat.mx\/","title":{"rendered":"Inicio"},"content":{"rendered":"\n<div class=\"wp-block-cover alignfull is-light\" style=\"min-height:800px\"><span aria-hidden=\"true\" class=\"has-ast-global-color-5-background-color has-background-dim-10 wp-block-cover__gradient-background has-background-dim\"><\/span><img loading=\"lazy\" width=\"1920\" height=\"1080\" class=\"wp-block-cover__image-background wp-image-565\" alt=\"\" src=\"https:\/\/concejogobcomsat.mx\/wp-content\/uploads\/2022\/05\/Logo-Consejo1.png\" style=\"object-position:50% 50%\" data-object-fit=\"cover\" data-object-position=\"50% 50%\" srcset=\"https:\/\/concejogobcomsat.mx\/wp-content\/uploads\/2022\/05\/Logo-Consejo1.png 1920w, https:\/\/concejogobcomsat.mx\/wp-content\/uploads\/2022\/05\/Logo-Consejo1-300x169.png 300w, https:\/\/concejogobcomsat.mx\/wp-content\/uploads\/2022\/05\/Logo-Consejo1-1024x576.png 1024w, https:\/\/concejogobcomsat.mx\/wp-content\/uploads\/2022\/05\/Logo-Consejo1-768x432.png 768w, https:\/\/concejogobcomsat.mx\/wp-content\/uploads\/2022\/05\/Logo-Consejo1-1536x864.png 1536w\" sizes=\"(max-width: 1920px) 100vw, 1920px\" \/><div class=\"wp-block-cover__inner-container\">\n<h1 class=\"has-text-align-center has-ast-global-color-2-color has-text-color\" style=\"font-size:40px;text-transform:uppercase\"><strong>Concejo<\/strong> <strong>de Gobierno<\/strong> <strong>Comunitario<\/strong><\/h1>\n\n\n\n<h1 class=\"has-text-align-center has-black-color has-text-color\" style=\"font-size:40px;text-transform:uppercase\"><strong>del Pueblo de san Andr\u00e9s Totoltepec<\/strong><\/h1>\n\n\n\n<div style=\"height:50px\" aria-hidden=\"true\" class=\"wp-block-spacer\"><\/div>\n<\/div><\/div>\n\n\n\n<p>Sesi\u00f3n P\u00fablica del TECDMX 20-03-2025, NO EXISTE CONCEJO INTERINO<\/p>\n\n\n\n<figure class=\"wp-block-video\"><video controls src=\"https:\/\/concejogobcomsat.mx\/wp-content\/uploads\/2025\/03\/WhatsApp-Video-2025-03-20-at-16.02.24.mp4\"><\/video><\/figure>\n\n\n\n<div class=\"wp-block-file\"><object class=\"wp-block-file__embed\" data=\"https:\/\/concejogobcomsat.mx\/wp-content\/uploads\/2025\/03\/VF.-TECDMX-JLDC-138-2024_aap.pdf\" type=\"application\/pdf\" style=\"width:100%;height:600px\" aria-label=\"Embed of VF.-TECDMX-JLDC-138-2024_aap.\"><\/object><a id=\"wp-block-file--media-43faf8e7-0b48-4cf2-ad46-9d990299519f\" href=\"https:\/\/concejogobcomsat.mx\/wp-content\/uploads\/2025\/03\/VF.-TECDMX-JLDC-138-2024_aap.pdf\">VF.-TECDMX-JLDC-138-2024_aap<\/a><a href=\"https:\/\/concejogobcomsat.mx\/wp-content\/uploads\/2025\/03\/VF.-TECDMX-JLDC-138-2024_aap.pdf\" class=\"wp-block-file__button\" download aria-describedby=\"wp-block-file--media-43faf8e7-0b48-4cf2-ad46-9d990299519f\">Download<\/a><\/div>\n\n\n\n<figure class=\"wp-block-embed is-type-video is-provider-youtube wp-block-embed-youtube wp-embed-aspect-16-9 wp-has-aspect-ratio\"><div class=\"wp-block-embed__wrapper\">\n<div class=\"ast-oembed-container\" style=\"height: 100%;\"><iframe loading=\"lazy\" title=\"Sesi\u00f3n p\u00fablica 29 de diciembre de 2022\" width=\"500\" height=\"281\" src=\"https:\/\/www.youtube.com\/embed\/1aroCzTgnII?start=584&#038;feature=oembed\" frameborder=\"0\" allow=\"accelerometer; autoplay; clipboard-write; encrypted-media; gyroscope; picture-in-picture; web-share\" referrerpolicy=\"strict-origin-when-cross-origin\" allowfullscreen><\/iframe><\/div>\n<\/div><\/figure>\n\n\n\n<div class=\"wp-block-file\"><object class=\"wp-block-file__embed\" data=\"https:\/\/concejogobcomsat.mx\/wp-content\/uploads\/2022\/12\/SCM-JDC-0385-2022.pdf\" type=\"application\/pdf\" style=\"width:100%;height:600px\" aria-label=\"Embed of SCM-JDC-0385-2022.\"><\/object><a id=\"wp-block-file--media-8027b4b0-ee55-4fe3-8a41-1033e0aa5e22\" href=\"https:\/\/concejogobcomsat.mx\/wp-content\/uploads\/2022\/12\/SCM-JDC-0385-2022.pdf\">SCM-JDC-0385-2022<\/a><a href=\"https:\/\/concejogobcomsat.mx\/wp-content\/uploads\/2022\/12\/SCM-JDC-0385-2022.pdf\" class=\"wp-block-file__button\" download aria-describedby=\"wp-block-file--media-8027b4b0-ee55-4fe3-8a41-1033e0aa5e22\">Download<\/a><\/div>\n\n\n\n<div class=\"wp-container-1 wp-block-group alignfull has-ast-global-color-5-background-color has-background\"><div class=\"wp-block-group__inner-container\">\n<div class=\"wp-block-columns are-vertically-aligned-center\">\n<div class=\"wp-block-column is-vertically-aligned-center\">\n<div class=\"wp-block-cover\"><span aria-hidden=\"true\" class=\"has-ast-global-color-1-background-color has-background-dim-30 wp-block-cover__gradient-background has-background-dim\"><\/span><img loading=\"lazy\" width=\"1920\" height=\"2560\" class=\"wp-block-cover__image-background wp-image-614\" alt=\"\" src=\"https:\/\/concejogobcomsat.mx\/wp-content\/uploads\/2022\/05\/IMG_0853-scaled.jpeg\" style=\"object-position:50% 48%\" data-object-fit=\"cover\" data-object-position=\"50% 48%\" srcset=\"https:\/\/concejogobcomsat.mx\/wp-content\/uploads\/2022\/05\/IMG_0853-scaled.jpeg 1920w, https:\/\/concejogobcomsat.mx\/wp-content\/uploads\/2022\/05\/IMG_0853-225x300.jpeg 225w, https:\/\/concejogobcomsat.mx\/wp-content\/uploads\/2022\/05\/IMG_0853-768x1024.jpeg 768w, https:\/\/concejogobcomsat.mx\/wp-content\/uploads\/2022\/05\/IMG_0853-1152x1536.jpeg 1152w, https:\/\/concejogobcomsat.mx\/wp-content\/uploads\/2022\/05\/IMG_0853-1536x2048.jpeg 1536w\" sizes=\"(max-width: 1920px) 100vw, 1920px\" \/><div class=\"wp-block-cover__inner-container\">\n<h2 class=\"has-text-align-center has-white-color has-text-color\">servicios gratuitos<\/h2>\n<\/div><\/div>\n<\/div>\n\n\n\n<div class=\"wp-block-column is-vertically-aligned-center\">\n<div class=\"wp-block-cover is-light\"><span aria-hidden=\"true\" class=\"has-ast-global-color-1-background-color has-background-dim-30 wp-block-cover__gradient-background has-background-dim\"><\/span><img loading=\"lazy\" width=\"2560\" height=\"1920\" class=\"wp-block-cover__image-background wp-image-617\" alt=\"\" src=\"https:\/\/concejogobcomsat.mx\/wp-content\/uploads\/2022\/05\/IMG_0862-scaled.jpeg\" data-object-fit=\"cover\" srcset=\"https:\/\/concejogobcomsat.mx\/wp-content\/uploads\/2022\/05\/IMG_0862-scaled.jpeg 2560w, https:\/\/concejogobcomsat.mx\/wp-content\/uploads\/2022\/05\/IMG_0862-300x225.jpeg 300w, https:\/\/concejogobcomsat.mx\/wp-content\/uploads\/2022\/05\/IMG_0862-1024x768.jpeg 1024w, https:\/\/concejogobcomsat.mx\/wp-content\/uploads\/2022\/05\/IMG_0862-768x576.jpeg 768w, https:\/\/concejogobcomsat.mx\/wp-content\/uploads\/2022\/05\/IMG_0862-1536x1152.jpeg 1536w, https:\/\/concejogobcomsat.mx\/wp-content\/uploads\/2022\/05\/IMG_0862-2048x1536.jpeg 2048w\" sizes=\"(max-width: 2560px) 100vw, 2560px\" \/><div class=\"wp-block-cover__inner-container\">\n<h2 class=\"has-text-align-center has-white-color has-text-color\">talleres sin costo<\/h2>\n<\/div><\/div>\n<\/div>\n\n\n\n<div class=\"wp-block-column is-vertically-aligned-center\">\n<div class=\"wp-block-cover\"><span aria-hidden=\"true\" class=\"has-ast-global-color-1-background-color has-background-dim-30 wp-block-cover__gradient-background has-background-dim\"><\/span><img loading=\"lazy\" width=\"2560\" height=\"1920\" class=\"wp-block-cover__image-background wp-image-616\" alt=\"\" src=\"https:\/\/concejogobcomsat.mx\/wp-content\/uploads\/2022\/05\/IMG_0837-scaled.jpeg\" data-object-fit=\"cover\" srcset=\"https:\/\/concejogobcomsat.mx\/wp-content\/uploads\/2022\/05\/IMG_0837-scaled.jpeg 2560w, https:\/\/concejogobcomsat.mx\/wp-content\/uploads\/2022\/05\/IMG_0837-300x225.jpeg 300w, https:\/\/concejogobcomsat.mx\/wp-content\/uploads\/2022\/05\/IMG_0837-1024x768.jpeg 1024w, https:\/\/concejogobcomsat.mx\/wp-content\/uploads\/2022\/05\/IMG_0837-768x576.jpeg 768w, https:\/\/concejogobcomsat.mx\/wp-content\/uploads\/2022\/05\/IMG_0837-1536x1152.jpeg 1536w, https:\/\/concejogobcomsat.mx\/wp-content\/uploads\/2022\/05\/IMG_0837-2048x1536.jpeg 2048w\" sizes=\"(max-width: 2560px) 100vw, 2560px\" \/><div class=\"wp-block-cover__inner-container\">\n<h2 class=\"has-text-align-center has-white-color has-text-color\">mesas de trabajo<\/h2>\n<\/div><\/div>\n<\/div>\n<\/div>\n<\/div><\/div>\n\n\n\n<figure class=\"wp-block-embed is-type-video is-provider-youtube wp-block-embed-youtube wp-embed-aspect-16-9 wp-has-aspect-ratio\"><div class=\"wp-block-embed__wrapper\">\n<div class=\"ast-oembed-container\" style=\"height: 100%;\"><iframe loading=\"lazy\" title=\"20220508 123559\" width=\"500\" height=\"281\" src=\"https:\/\/www.youtube.com\/embed\/VnssgEdq-fc?feature=oembed\" frameborder=\"0\" allow=\"accelerometer; autoplay; clipboard-write; encrypted-media; gyroscope; picture-in-picture; web-share\" referrerpolicy=\"strict-origin-when-cross-origin\" allowfullscreen><\/iframe><\/div>\n<\/div><\/figure>\n\n\n\n<div class=\"wp-container-3 wp-block-group alignfull has-ast-global-color-5-background-color has-background\"><div class=\"wp-block-group__inner-container\">\n<div class=\"wp-block-columns\">\n<div class=\"wp-block-column\">\n<h2 style=\"text-transform:uppercase\"><strong>pr\u00f3ximamente radio concejo, una alternativa de comunicaci\u00f3n digital<\/strong>.<\/h2>\n\n\n\n<iframe loading=\"lazy\" src=\"https:\/\/zeno.fm\/player\/radio-concejo\" width=\"768\" height=\"600\" frameborder=\"0\" scrolling=\"no\"><\/iframe><a href=\"https:\/\/zeno.fm\/\" target=\"_blank\" style=\"display: block; font-size: 0.9em; line-height: 10px;\" rel=\"noopener\">A Zeno.FM Station<\/a>\n<\/div>\n\n\n\n<div class=\"wp-block-column\">\n<p><strong>ORGANIZACIONES<\/strong><\/p>\n\n\n\n<p><strong>Ejidatarios del Ejido de San Andr\u00e9s Totoltepec:<\/strong><br>Rogelio Zamora Santillan<br>Rub\u00e9n Fuentes Flores<\/p>\n\n\n\n<p><strong>Consejo Pastoral Parroquial:<br><\/strong>Alfonso Flores Nava<\/p>\n\n\n\n<p><strong>Grupo TOTOLCALLI<\/strong><br>Tania Ben\u00edtez Rocha<br>Araceli Espinosa Miranda<\/p>\n\n\n\n<p><strong>Agrupaci\u00f3n J\u00f3venes por San Andr\u00e9s en Sinergia<\/strong><br>Georgina Ram\u00edrez Miranda<br>Mara Castillo M\u00e9ndez<\/p>\n\n\n\n<p><strong>Ola Verde<\/strong><br>Antonio Espinosa \u00c1lvarez<br>Arturo Cordero Garc\u00eda <\/p>\n\n\n\n<p><strong>Bienes Comunales de los Naturales del Pueblo de San Andr\u00e9s Totoltepec <\/strong><br>Mar\u00eda Argelia Rodea Jim\u00e9nez<br>Blanca Espinosa G\u00f3mez<\/p>\n\n\n\n<p><strong>Fundaci\u00f3n San Andr\u00e9s Totoltepec <\/strong><br>Edgar Paz Romero<br>Ra\u00fal D\u00edaz Miranda<\/p>\n\n\n\n<p>BIENVENIDOS NUEVOS CONCEJALES<\/p>\n\n\n\n<div class=\"wp-container-2 wp-block-buttons\">\n<div class=\"wp-block-button is-style-fill\"><a class=\"wp-block-button__link\" rel=\"#\">nuestra historia<\/a><\/div>\n<\/div>\n<\/div>\n<\/div>\n<\/div><\/div>\n\n\n\n<div class=\"wp-block-cover alignfull is-light has-parallax\" style=\"background-image:url(https:\/\/concejogobcomsat.mx\/wp-content\/uploads\/2022\/05\/IMG_20220508_123753093_HDR1-scaled.jpg);min-height:595px\"><span aria-hidden=\"true\" class=\"has-ast-global-color-1-background-color has-background-dim-40 wp-block-cover__gradient-background has-background-dim\"><\/span><div class=\"wp-block-cover__inner-container\">\n<h2 class=\"has-text-align-center has-white-color has-text-color\"><strong>ASAMBLEA REALIZADA EL D\u00cdA 8 DE MAYO DE 2022<\/strong><\/h2>\n\n\n\n<p class=\"has-text-align-center has-ast-global-color-5-color has-text-color\"><strong>\u00c9XITO Y FORTALEZA ANTE EL RETO DE SEGUIR RECONSTITUYENDO A NUESTRO PUEBLO<\/strong><\/p>\n\n\n\n<div class=\"wp-container-4 wp-block-buttons\">\n<div class=\"wp-block-button is-style-fill\"><a class=\"wp-block-button__link has-ast-global-color-3-color has-ast-global-color-5-background-color has-text-color has-background\" rel=\"#\">ContACTANOS<\/a><\/div>\n<\/div>\n<\/div><\/div>\n\n\n\n<div class=\"wp-container-5 wp-block-group alignfull has-ast-global-color-4-background-color has-background\"><div class=\"wp-block-group__inner-container\">\n<div class=\"wp-block-columns\">\n<div class=\"wp-block-column\">\n<figure class=\"wp-block-image size-large\"><img loading=\"lazy\" width=\"1024\" height=\"576\" src=\"https:\/\/concejogobcomsat.mx\/wp-content\/uploads\/2022\/05\/IMG_20220508_123730124_HDR-1024x576.jpg\" alt=\"\" class=\"wp-image-630\" srcset=\"https:\/\/concejogobcomsat.mx\/wp-content\/uploads\/2022\/05\/IMG_20220508_123730124_HDR-1024x576.jpg 1024w, https:\/\/concejogobcomsat.mx\/wp-content\/uploads\/2022\/05\/IMG_20220508_123730124_HDR-300x169.jpg 300w, https:\/\/concejogobcomsat.mx\/wp-content\/uploads\/2022\/05\/IMG_20220508_123730124_HDR-768x432.jpg 768w, https:\/\/concejogobcomsat.mx\/wp-content\/uploads\/2022\/05\/IMG_20220508_123730124_HDR-1536x864.jpg 1536w, https:\/\/concejogobcomsat.mx\/wp-content\/uploads\/2022\/05\/IMG_20220508_123730124_HDR-2048x1152.jpg 2048w\" sizes=\"(max-width: 1024px) 100vw, 1024px\" \/><\/figure>\n<\/div>\n\n\n\n<div class=\"wp-block-column\">\n<figure class=\"wp-block-image size-large\"><img loading=\"lazy\" width=\"1024\" height=\"576\" src=\"https:\/\/concejogobcomsat.mx\/wp-content\/uploads\/2022\/05\/IMG_20220508_124032054_HDR-1024x576.jpg\" alt=\"\" class=\"wp-image-631\" srcset=\"https:\/\/concejogobcomsat.mx\/wp-content\/uploads\/2022\/05\/IMG_20220508_124032054_HDR-1024x576.jpg 1024w, https:\/\/concejogobcomsat.mx\/wp-content\/uploads\/2022\/05\/IMG_20220508_124032054_HDR-300x169.jpg 300w, https:\/\/concejogobcomsat.mx\/wp-content\/uploads\/2022\/05\/IMG_20220508_124032054_HDR-768x432.jpg 768w, https:\/\/concejogobcomsat.mx\/wp-content\/uploads\/2022\/05\/IMG_20220508_124032054_HDR-1536x864.jpg 1536w, https:\/\/concejogobcomsat.mx\/wp-content\/uploads\/2022\/05\/IMG_20220508_124032054_HDR-2048x1152.jpg 2048w\" sizes=\"(max-width: 1024px) 100vw, 1024px\" \/><\/figure>\n<\/div>\n\n\n\n<div class=\"wp-block-column\">\n<figure class=\"wp-block-image size-large\"><img loading=\"lazy\" width=\"1024\" height=\"576\" src=\"https:\/\/concejogobcomsat.mx\/wp-content\/uploads\/2022\/05\/IMG_20220508_123753093_HDR1-1-1024x576.jpg\" alt=\"\" class=\"wp-image-632\" srcset=\"https:\/\/concejogobcomsat.mx\/wp-content\/uploads\/2022\/05\/IMG_20220508_123753093_HDR1-1-1024x576.jpg 1024w, https:\/\/concejogobcomsat.mx\/wp-content\/uploads\/2022\/05\/IMG_20220508_123753093_HDR1-1-300x169.jpg 300w, https:\/\/concejogobcomsat.mx\/wp-content\/uploads\/2022\/05\/IMG_20220508_123753093_HDR1-1-768x432.jpg 768w, https:\/\/concejogobcomsat.mx\/wp-content\/uploads\/2022\/05\/IMG_20220508_123753093_HDR1-1-1536x864.jpg 1536w, https:\/\/concejogobcomsat.mx\/wp-content\/uploads\/2022\/05\/IMG_20220508_123753093_HDR1-1-2048x1152.jpg 2048w\" sizes=\"(max-width: 1024px) 100vw, 1024px\" \/><\/figure>\n<\/div>\n<\/div>\n\n\n\n<div class=\"wp-block-columns\">\n<div class=\"wp-block-column\">\n<figure class=\"wp-block-image size-large\"><img loading=\"lazy\" width=\"1024\" height=\"576\" src=\"https:\/\/concejogobcomsat.mx\/wp-content\/uploads\/2022\/05\/IMG_20220508_123821259_HDR-1024x576.jpg\" alt=\"\" class=\"wp-image-633\" srcset=\"https:\/\/concejogobcomsat.mx\/wp-content\/uploads\/2022\/05\/IMG_20220508_123821259_HDR-1024x576.jpg 1024w, https:\/\/concejogobcomsat.mx\/wp-content\/uploads\/2022\/05\/IMG_20220508_123821259_HDR-300x169.jpg 300w, https:\/\/concejogobcomsat.mx\/wp-content\/uploads\/2022\/05\/IMG_20220508_123821259_HDR-768x432.jpg 768w, https:\/\/concejogobcomsat.mx\/wp-content\/uploads\/2022\/05\/IMG_20220508_123821259_HDR-1536x864.jpg 1536w, https:\/\/concejogobcomsat.mx\/wp-content\/uploads\/2022\/05\/IMG_20220508_123821259_HDR-2048x1152.jpg 2048w\" sizes=\"(max-width: 1024px) 100vw, 1024px\" \/><\/figure>\n<\/div>\n\n\n\n<div class=\"wp-block-column\">\n<figure class=\"wp-block-image size-large\"><img loading=\"lazy\" width=\"1024\" height=\"576\" src=\"https:\/\/concejogobcomsat.mx\/wp-content\/uploads\/2022\/05\/IMG_20220508_123906810_HDR-1024x576.jpg\" alt=\"\" class=\"wp-image-634\" srcset=\"https:\/\/concejogobcomsat.mx\/wp-content\/uploads\/2022\/05\/IMG_20220508_123906810_HDR-1024x576.jpg 1024w, https:\/\/concejogobcomsat.mx\/wp-content\/uploads\/2022\/05\/IMG_20220508_123906810_HDR-300x169.jpg 300w, https:\/\/concejogobcomsat.mx\/wp-content\/uploads\/2022\/05\/IMG_20220508_123906810_HDR-768x432.jpg 768w, https:\/\/concejogobcomsat.mx\/wp-content\/uploads\/2022\/05\/IMG_20220508_123906810_HDR-1536x864.jpg 1536w, https:\/\/concejogobcomsat.mx\/wp-content\/uploads\/2022\/05\/IMG_20220508_123906810_HDR-2048x1152.jpg 2048w\" sizes=\"(max-width: 1024px) 100vw, 1024px\" \/><\/figure>\n<\/div>\n\n\n\n<div class=\"wp-block-column\">\n<figure class=\"wp-block-image size-large\"><img loading=\"lazy\" width=\"1024\" height=\"576\" src=\"https:\/\/concejogobcomsat.mx\/wp-content\/uploads\/2022\/05\/IMG_20220508_123841210_HDR-1024x576.jpg\" alt=\"\" class=\"wp-image-635\" srcset=\"https:\/\/concejogobcomsat.mx\/wp-content\/uploads\/2022\/05\/IMG_20220508_123841210_HDR-1024x576.jpg 1024w, https:\/\/concejogobcomsat.mx\/wp-content\/uploads\/2022\/05\/IMG_20220508_123841210_HDR-300x169.jpg 300w, https:\/\/concejogobcomsat.mx\/wp-content\/uploads\/2022\/05\/IMG_20220508_123841210_HDR-768x432.jpg 768w, https:\/\/concejogobcomsat.mx\/wp-content\/uploads\/2022\/05\/IMG_20220508_123841210_HDR-1536x864.jpg 1536w, https:\/\/concejogobcomsat.mx\/wp-content\/uploads\/2022\/05\/IMG_20220508_123841210_HDR-2048x1152.jpg 2048w\" sizes=\"(max-width: 1024px) 100vw, 1024px\" \/><\/figure>\n<\/div>\n<\/div>\n<\/div><\/div>\n","protected":false},"excerpt":{"rendered":"<p>Sesi\u00f3n P\u00fablica del TECDMX 20-03-2025, NO EXISTE CONCEJO INTERINO pr\u00f3ximamente radio concejo, una alternativa de comunicaci\u00f3n digital. A Zeno.FM Station ORGANIZACIONES Ejidatarios del Ejido de San Andr\u00e9s Totoltepec:Rogelio Zamora SantillanRub\u00e9n &hellip;<\/p>\n<p class=\"read-more\"> <a class=\"\" href=\"https:\/\/concejogobcomsat.mx\/\"> <span class=\"screen-reader-text\">Inicio<\/span> Read More &raquo;<\/a><\/p>\n","protected":false},"author":1,"featured_media":0,"parent":0,"menu_order":0,"comment_status":"closed","ping_status":"closed","template":"","meta":{"_monsterinsights_skip_tracking":false,"_monsterinsights_sitenote_active":false,"_monsterinsights_sitenote_note":"","_monsterinsights_sitenote_category":0,"site-sidebar-layout":"no-sidebar","site-content-layout":"plain-container","ast-global-header-display":"","ast-main-header-display":"","ast-hfb-above-header-display":"","ast-hfb-below-header-display":"","ast-hfb-mobile-header-display":"","site-post-title":"disabled","ast-breadcrumbs-content":"","ast-featured-img":"disabled","footer-sml-layout":"","theme-transparent-header-meta":"enabled","adv-header-id-meta":"","stick-header-meta":"","header-above-stick-meta":"","header-main-stick-meta":"","header-below-stick-meta":"","_EventAllDay":false,"_EventTimezone":"","_EventStartDate":"","_EventEndDate":"","_EventStartDateUTC":"","_EventEndDateUTC":"","_EventShowMap":false,"_EventShowMapLink":false,"_EventURL":"","_EventCost":"","_EventCostDescription":"","_EventCurrencySymbol":"","_EventCurrencyCode":"","_EventCurrencyPosition":"","_EventDateTimeSeparator":"","_EventTimeRangeSeparator":"","_EventOrganizerID":[],"_EventVenueID":0,"_OrganizerEmail":"","_OrganizerPhone":"","_OrganizerWebsite":"","_VenueAddress":"","_VenueCity":"","_VenueCountry":"","_VenueProvince":"","_VenueZip":"","_VenuePhone":"","_VenueURL":"","_VenueStateProvince":"","_VenueLat":"","_VenueLng":""},"_links":{"self":[{"href":"https:\/\/concejogobcomsat.mx\/index.php?rest_route=\/wp\/v2\/pages\/217"}],"collection":[{"href":"https:\/\/concejogobcomsat.mx\/index.php?rest_route=\/wp\/v2\/pages"}],"about":[{"href":"https:\/\/concejogobcomsat.mx\/index.php?rest_route=\/wp\/v2\/types\/page"}],"author":[{"embeddable":true,"href":"https:\/\/concejogobcomsat.mx\/index.php?rest_route=\/wp\/v2\/users\/1"}],"replies":[{"embeddable":true,"href":"https:\/\/concejogobcomsat.mx\/index.php?rest_route=%2Fwp%2Fv2%2Fcomments&post=217"}],"version-history":[{"count":74,"href":"https:\/\/concejogobcomsat.mx\/index.php?rest_route=\/wp\/v2\/pages\/217\/revisions"}],"predecessor-version":[{"id":870,"href":"https:\/\/concejogobcomsat.mx\/index.php?rest_route=\/wp\/v2\/pages\/217\/revisions\/870"}],"wp:attachment":[{"href":"https:\/\/concejogobcomsat.mx\/index.php?rest_route=%2Fwp%2Fv2%2Fmedia&parent=217"}],"curies":[{"name":"wp","href":"https:\/\/api.w.org\/{rel}","templated":true}]}}